{"id":40,"date":"2020-01-29T17:16:38","date_gmt":"2020-01-29T16:16:38","guid":{"rendered":"https:\/\/rehabilitacjaszczecinek.rajpol.net\/?page_id=40"},"modified":"2020-03-10T23:25:12","modified_gmt":"2020-03-10T22:25:12","slug":"zakwaterowanie","status":"publish","type":"page","link":"https:\/\/rehabilitacjaszczecinek.rajpol.net\/de\/zakwaterowanie\/","title":{"rendered":"Unterkunft"},"content":{"rendered":"RAJPOL GmbH bietet den Reha-Patienten die Unterkunft in 1- sowie 2-Bett-Zimmer an. Jedes Zimmer hat ein Badezimmer mit der Dusche, WC und einen Waschbecken. Telefon, Fernseher und Internetzugang stehen den Bewohnern in jedem Zimmer zur Verf\u00fcgung. Dank dem hauseigenen Rufsystem ist die Kommunikation mit der jeweiligen Krankenschwester im Dienst m\u00f6glich.<\/p>\n<p>Unseren G\u00e4sten&nbsp;gew\u00e4hrleisten wir:<\/p>\n<ul>\n<li>3 Mahlzeiten pro Tag<\/li>\n<li>Kaffee, Tee, Getr\u00e4nke<\/li>\n<li>Bettw\u00e4sche, Badet\u00fccher<\/li>\n<li>Waschen der pers\u00f6nlichen Dinge gegen Sonderabrechnung <strong>150 PLN<\/strong> pro Monat. In einem solchen Fall bitten wir um Kennzeichen der Kleidungsst\u00fccken.<\/li>\n<li>Teilnahmem\u00f6glichkeit an der Besch\u00e4ftigungstherapie<\/li>\n<li>Hilfe bei pers\u00f6nlichen Erledigungen<\/li>\n<li>Kostenloser Parkplatz<\/li>\n<\/ul>\n<p>Auf jedem Stock befinden sich zus\u00e4tzliche ger\u00e4umige Badezimmer mit WC mit einem integrierten System zur K\u00f6rperpflege, zum Transport und Hydrotherapie (Badewanne mit einer Hebevorrichtung und Patiententransportwagen).<\/p>\n<p>Den behinderten und mobil eingeschr\u00e4nkten Personen stellen wir Pflegehilfe (d.h. Hilfe beim Anziehen, Essen, Duschen\/Baden etc.) zur Verf\u00fcgung.","protected":false},"excerpt":{"rendered":"<p>RAJPOL GmbH bietet den Reha-Patienten die Unterkunft in 1- sowie 2-Bett-Zimmer an. Jedes Zimmer hat ein Badezimmer mit der Dusche, WC und einen Waschbecken. Telefon, Fernseher und Internetzugang stehen den Bewohnern in jedem Zimmer zur Verf\u00fcgung. Dank dem hauseigenen Rufsystem ist die Kommunikation mit der jeweiligen Krankenschwester im Dienst m\u00f6glich. Unseren G\u00e4sten&nbsp;gew\u00e4hrleisten wir: 3 Mahlzeiten [&hellip;]<\/p>\n","protected":false},"author":1,"featured_media":0,"parent":0,"menu_order":0,"comment_status":"closed","ping_status":"closed","template":"","meta":{"ngg_post_thumbnail":0},"_links":{"self":[{"href":"https:\/\/rehabilitacjaszczecinek.rajpol.net\/de\/wp-json\/wp\/v2\/pages\/40"}],"collection":[{"href":"https:\/\/rehabilitacjaszczecinek.rajpol.net\/de\/wp-json\/wp\/v2\/pages"}],"about":[{"href":"https:\/\/rehabilitacjaszczecinek.rajpol.net\/de\/wp-json\/wp\/v2\/types\/page"}],"author":[{"embeddable":true,"href":"https:\/\/rehabilitacjaszczecinek.rajpol.net\/de\/wp-json\/wp\/v2\/users\/1"}],"replies":[{"embeddable":true,"href":"https:\/\/rehabilitacjaszczecinek.rajpol.net\/de\/wp-json\/wp\/v2\/comments?post=40"}],"version-history":[{"count":3,"href":"https:\/\/rehabilitacjaszczecinek.rajpol.net\/de\/wp-json\/wp\/v2\/pages\/40\/revisions"}],"predecessor-version":[{"id":132,"href":"https:\/\/rehabilitacjaszczecinek.rajpol.net\/de\/wp-json\/wp\/v2\/pages\/40\/revisions\/132"}],"wp:attachment":[{"href":"https:\/\/rehabilitacjaszczecinek.rajpol.net\/de\/wp-json\/wp\/v2\/media?parent=40"}],"curies":[{"name":"wp","href":"https:\/\/api.w.org\/{rel}","templated":true}]}}