{"id":43,"date":"2020-01-29T17:17:49","date_gmt":"2020-01-29T16:17:49","guid":{"rendered":"https:\/\/rehabilitacjaszczecinek.rajpol.net\/?page_id=43"},"modified":"2020-03-10T23:23:18","modified_gmt":"2020-03-10T22:23:18","slug":"osrodek","status":"publish","type":"page","link":"https:\/\/rehabilitacjaszczecinek.rajpol.net\/de\/osrodek\/","title":{"rendered":"Anlage"},"content":{"rendered":"<div class=\"su-row\">\n<div class=\"su-column su-column-size-1-2\"><div class=\"su-column-inner su-u-clearfix su-u-trim\">\n<p style=\"text-align: left;\">RAJPOL Sp. z o.o. [GmbH] wurde 2014 gegr\u00fcndet. Das Hauptziel der Gesellschaft war der Bau und das Betreiben eines privaten Seniorenheimes. Aufgrund des reichen Rehabilitationsangebot und hochqualifizierten Physiotherapeuten-Teams, Ihrem Bedarf entgegenzukommen, wurde die Gesch\u00e4ftst\u00e4tigkeit um Reha-Turnusse erweitert.<\/p>\n<p style=\"text-align: left;\">Das Seniorenheim entstand auf einem Grundst\u00fcck mit der Fl\u00e4che von \u00fcber 5.000 m2 am Waldrand. Auf dem Gel\u00e4nde befindet sich auch ein Garten mit einem Brunnen und einem Teich.<\/p>\n<p style=\"text-align: left;\">Das Heimgeb\u00e4ude wurde sowohl im Innen- als auch im Au\u00dfenbereich speziell f\u00fcr mobil eingeschr\u00e4nkte, behinderte sowie bettl\u00e4gerige Personen mit 65 Pl\u00e4tzen entworfen.<\/p>\n<p style=\"text-align: left;\">Die Kommunikation zwischen den Geschossen erfolgt mittels eines behindertengerechten Fahrstuhls (geeignet auch zum Transport der Betten) und zwei Treppenh\u00e4user.<\/p>\n<p style=\"text-align: left;\">Das Geb\u00e4ude hat drei Stockwerke und einen Keller.<\/p>\n<\/div><\/div>\n<div class=\"su-column su-column-size-1-2\"><div class=\"su-column-inner su-u-clearfix su-u-trim\">\n<!-- default-view.php -->\n<div\n\tclass=\"ngg-galleryoverview default-view \"\n\tid=\"ngg-gallery-50cc6fde80c0e37b0c820ee8ab717c58-1\">\n\n\t\t<!-- Thumbnails -->\n\t\t\t\t<div id=\"ngg-image-0\" class=\"ngg-gallery-thumbnail-box \" >\n\t\t\t\t        <div class=\"ngg-gallery-thumbnail\">\n            <a href=\"https:\/\/rehabilitacjaszczecinek.rajpol.net\/wp-content\/gallery\/zew\/IMG_2755.JPG\"\n               title=\"\"\n               data-src=\"https:\/\/rehabilitacjaszczecinek.rajpol.net\/wp-content\/gallery\/zew\/IMG_2755.JPG\"\n               data-thumbnail=\"https:\/\/rehabilitacjaszczecinek.rajpol.net\/wp-content\/gallery\/zew\/thumbs\/thumbs_IMG_2755.JPG\"\n               data-image-id=\"1\"\n               data-title=\"IMG_2755\"\n               data-description=\"\"\n               data-image-slug=\"img_2755\"\n               class=\"ngg-fancybox\" rel=\"50cc6fde80c0e37b0c820ee8ab717c58\">\n                <img\n                    title=\"IMG_2755\"\n                    alt=\"IMG_2755\"\n                    src=\"https:\/\/rehabilitacjaszczecinek.rajpol.net\/wp-content\/gallery\/zew\/thumbs\/thumbs_IMG_2755.JPG\"\n                    width=\"240\"\n                    height=\"160\"\n                    style=\"max-width:100%;\"\n                \/>\n            <\/a>\n        <\/div>\n\t\t\t\t\t\t\t<\/div> \n\t\t\t\n\t\t\t\t<div id=\"ngg-image-1\" class=\"ngg-gallery-thumbnail-box \" >\n\t\t\t\t        <div class=\"ngg-gallery-thumbnail\">\n            <a href=\"https:\/\/rehabilitacjaszczecinek.rajpol.net\/wp-content\/gallery\/zew\/IMG_2756.JPG\"\n               title=\"\"\n               data-src=\"https:\/\/rehabilitacjaszczecinek.rajpol.net\/wp-content\/gallery\/zew\/IMG_2756.JPG\"\n               data-thumbnail=\"https:\/\/rehabilitacjaszczecinek.rajpol.net\/wp-content\/gallery\/zew\/thumbs\/thumbs_IMG_2756.JPG\"\n               data-image-id=\"2\"\n               data-title=\"IMG_2756\"\n               data-description=\"\"\n               data-image-slug=\"img_2756\"\n               class=\"ngg-fancybox\" rel=\"50cc6fde80c0e37b0c820ee8ab717c58\">\n                <img\n                    title=\"IMG_2756\"\n                    alt=\"IMG_2756\"\n                    src=\"https:\/\/rehabilitacjaszczecinek.rajpol.net\/wp-content\/gallery\/zew\/thumbs\/thumbs_IMG_2756.JPG\"\n                    width=\"240\"\n                    height=\"160\"\n                    style=\"max-width:100%;\"\n                \/>\n            <\/a>\n        <\/div>\n\t\t\t\t\t\t\t<\/div> \n\t\t\t\n\t\t\t\t<div id=\"ngg-image-2\" class=\"ngg-gallery-thumbnail-box \" >\n\t\t\t\t        <div class=\"ngg-gallery-thumbnail\">\n            <a href=\"https:\/\/rehabilitacjaszczecinek.rajpol.net\/wp-content\/gallery\/zew\/IMG_2761.JPG\"\n               title=\"\"\n               data-src=\"https:\/\/rehabilitacjaszczecinek.rajpol.net\/wp-content\/gallery\/zew\/IMG_2761.JPG\"\n               data-thumbnail=\"https:\/\/rehabilitacjaszczecinek.rajpol.net\/wp-content\/gallery\/zew\/thumbs\/thumbs_IMG_2761.JPG\"\n               data-image-id=\"3\"\n               data-title=\"IMG_2761\"\n               data-description=\"\"\n               data-image-slug=\"img_2761\"\n               class=\"ngg-fancybox\" rel=\"50cc6fde80c0e37b0c820ee8ab717c58\">\n                <img\n                    title=\"IMG_2761\"\n                    alt=\"IMG_2761\"\n                    src=\"https:\/\/rehabilitacjaszczecinek.rajpol.net\/wp-content\/gallery\/zew\/thumbs\/thumbs_IMG_2761.JPG\"\n                    width=\"240\"\n                    height=\"160\"\n                    style=\"max-width:100%;\"\n                \/>\n            <\/a>\n        <\/div>\n\t\t\t\t\t\t\t<\/div> \n\t\t\t\n\t\t\t\t<div id=\"ngg-image-3\" class=\"ngg-gallery-thumbnail-box \" >\n\t\t\t\t        <div class=\"ngg-gallery-thumbnail\">\n            <a href=\"https:\/\/rehabilitacjaszczecinek.rajpol.net\/wp-content\/gallery\/zew\/IMG_2768.JPG\"\n               title=\"\"\n               data-src=\"https:\/\/rehabilitacjaszczecinek.rajpol.net\/wp-content\/gallery\/zew\/IMG_2768.JPG\"\n               data-thumbnail=\"https:\/\/rehabilitacjaszczecinek.rajpol.net\/wp-content\/gallery\/zew\/thumbs\/thumbs_IMG_2768.JPG\"\n               data-image-id=\"4\"\n               data-title=\"IMG_2768\"\n               data-description=\"\"\n               data-image-slug=\"img_2768\"\n               class=\"ngg-fancybox\" rel=\"50cc6fde80c0e37b0c820ee8ab717c58\">\n                <img\n                    title=\"IMG_2768\"\n                    alt=\"IMG_2768\"\n                    src=\"https:\/\/rehabilitacjaszczecinek.rajpol.net\/wp-content\/gallery\/zew\/thumbs\/thumbs_IMG_2768.JPG\"\n                    width=\"240\"\n                    height=\"160\"\n                    style=\"max-width:100%;\"\n                \/>\n            <\/a>\n        <\/div>\n\t\t\t\t\t\t\t<\/div> \n\t\t\t\n\t\t\t\t<div id=\"ngg-image-4\" class=\"ngg-gallery-thumbnail-box \" >\n\t\t\t\t        <div class=\"ngg-gallery-thumbnail\">\n            <a href=\"https:\/\/rehabilitacjaszczecinek.rajpol.net\/wp-content\/gallery\/zew\/IMG_2769.JPG\"\n               title=\"\"\n               data-src=\"https:\/\/rehabilitacjaszczecinek.rajpol.net\/wp-content\/gallery\/zew\/IMG_2769.JPG\"\n               data-thumbnail=\"https:\/\/rehabilitacjaszczecinek.rajpol.net\/wp-content\/gallery\/zew\/thumbs\/thumbs_IMG_2769.JPG\"\n               data-image-id=\"5\"\n               data-title=\"IMG_2769\"\n               data-description=\"\"\n               data-image-slug=\"img_2769\"\n               class=\"ngg-fancybox\" rel=\"50cc6fde80c0e37b0c820ee8ab717c58\">\n                <img\n                    title=\"IMG_2769\"\n                    alt=\"IMG_2769\"\n                    src=\"https:\/\/rehabilitacjaszczecinek.rajpol.net\/wp-content\/gallery\/zew\/thumbs\/thumbs_IMG_2769.JPG\"\n                    width=\"240\"\n                    height=\"160\"\n                    style=\"max-width:100%;\"\n                \/>\n            <\/a>\n        <\/div>\n\t\t\t\t\t\t\t<\/div> \n\t\t\t\n\t\t\t\t<div id=\"ngg-image-5\" class=\"ngg-gallery-thumbnail-box \" >\n\t\t\t\t        <div class=\"ngg-gallery-thumbnail\">\n            <a href=\"https:\/\/rehabilitacjaszczecinek.rajpol.net\/wp-content\/gallery\/zew\/IMG_2875.JPG\"\n               title=\"\"\n               data-src=\"https:\/\/rehabilitacjaszczecinek.rajpol.net\/wp-content\/gallery\/zew\/IMG_2875.JPG\"\n               data-thumbnail=\"https:\/\/rehabilitacjaszczecinek.rajpol.net\/wp-content\/gallery\/zew\/thumbs\/thumbs_IMG_2875.JPG\"\n               data-image-id=\"6\"\n               data-title=\"IMG_2875\"\n               data-description=\"\"\n               data-image-slug=\"img_2875\"\n               class=\"ngg-fancybox\" rel=\"50cc6fde80c0e37b0c820ee8ab717c58\">\n                <img\n                    title=\"IMG_2875\"\n                    alt=\"IMG_2875\"\n                    src=\"https:\/\/rehabilitacjaszczecinek.rajpol.net\/wp-content\/gallery\/zew\/thumbs\/thumbs_IMG_2875.JPG\"\n                    width=\"240\"\n                    height=\"160\"\n                    style=\"max-width:100%;\"\n                \/>\n            <\/a>\n        <\/div>\n\t\t\t\t\t\t\t<\/div> \n\t\t\t\n\t\n\t<br style=\"clear: both\" \/>\n\n\t\n\t\t<div class=\"ngg-clear\"><\/div>\n\t<\/div>\n<\/div><\/div>\n<\/div>\n<div class=\"su-row\">\n<div class=\"su-column su-column-size-1-2\"><div class=\"su-column-inner su-u-clearfix su-u-trim\">\n<!-- default-view.php -->\n<div\n\tclass=\"ngg-galleryoverview default-view \"\n\tid=\"ngg-gallery-1b3372a3cd8466fb1ebe9b472ec5d4a7-1\">\n\n\t\t<!-- Thumbnails -->\n\t\t\t\t<div id=\"ngg-image-0\" class=\"ngg-gallery-thumbnail-box \" >\n\t\t\t\t        <div class=\"ngg-gallery-thumbnail\">\n            <a href=\"https:\/\/rehabilitacjaszczecinek.rajpol.net\/wp-content\/gallery\/wew\/IMG_3082.JPG\"\n               title=\"\"\n               data-src=\"https:\/\/rehabilitacjaszczecinek.rajpol.net\/wp-content\/gallery\/wew\/IMG_3082.JPG\"\n               data-thumbnail=\"https:\/\/rehabilitacjaszczecinek.rajpol.net\/wp-content\/gallery\/wew\/thumbs\/thumbs_IMG_3082.JPG\"\n               data-image-id=\"7\"\n               data-title=\"IMG_3082\"\n               data-description=\"\"\n               data-image-slug=\"img_3082\"\n               class=\"ngg-fancybox\" rel=\"1b3372a3cd8466fb1ebe9b472ec5d4a7\">\n                <img\n                    title=\"IMG_3082\"\n                    alt=\"IMG_3082\"\n                    src=\"https:\/\/rehabilitacjaszczecinek.rajpol.net\/wp-content\/gallery\/wew\/thumbs\/thumbs_IMG_3082.JPG\"\n                    width=\"240\"\n                    height=\"160\"\n                    style=\"max-width:100%;\"\n                \/>\n            <\/a>\n        <\/div>\n\t\t\t\t\t\t\t<\/div> \n\t\t\t\n\t\t\t\t<div id=\"ngg-image-1\" class=\"ngg-gallery-thumbnail-box \" >\n\t\t\t\t        <div class=\"ngg-gallery-thumbnail\">\n            <a href=\"https:\/\/rehabilitacjaszczecinek.rajpol.net\/wp-content\/gallery\/wew\/IMG_3132.JPG\"\n               title=\"\"\n               data-src=\"https:\/\/rehabilitacjaszczecinek.rajpol.net\/wp-content\/gallery\/wew\/IMG_3132.JPG\"\n               data-thumbnail=\"https:\/\/rehabilitacjaszczecinek.rajpol.net\/wp-content\/gallery\/wew\/thumbs\/thumbs_IMG_3132.JPG\"\n               data-image-id=\"8\"\n               data-title=\"IMG_3132\"\n               data-description=\"\"\n               data-image-slug=\"img_3132\"\n               class=\"ngg-fancybox\" rel=\"1b3372a3cd8466fb1ebe9b472ec5d4a7\">\n                <img\n                    title=\"IMG_3132\"\n                    alt=\"IMG_3132\"\n                    src=\"https:\/\/rehabilitacjaszczecinek.rajpol.net\/wp-content\/gallery\/wew\/thumbs\/thumbs_IMG_3132.JPG\"\n                    width=\"240\"\n                    height=\"160\"\n                    style=\"max-width:100%;\"\n                \/>\n            <\/a>\n        <\/div>\n\t\t\t\t\t\t\t<\/div> \n\t\t\t\n\t\t\t\t<div id=\"ngg-image-2\" class=\"ngg-gallery-thumbnail-box \" >\n\t\t\t\t        <div class=\"ngg-gallery-thumbnail\">\n            <a href=\"https:\/\/rehabilitacjaszczecinek.rajpol.net\/wp-content\/gallery\/wew\/IMG_3136.JPG\"\n               title=\"\"\n               data-src=\"https:\/\/rehabilitacjaszczecinek.rajpol.net\/wp-content\/gallery\/wew\/IMG_3136.JPG\"\n               data-thumbnail=\"https:\/\/rehabilitacjaszczecinek.rajpol.net\/wp-content\/gallery\/wew\/thumbs\/thumbs_IMG_3136.JPG\"\n               data-image-id=\"9\"\n               data-title=\"IMG_3136\"\n               data-description=\"\"\n               data-image-slug=\"img_3136\"\n               class=\"ngg-fancybox\" rel=\"1b3372a3cd8466fb1ebe9b472ec5d4a7\">\n                <img\n                    title=\"IMG_3136\"\n                    alt=\"IMG_3136\"\n                    src=\"https:\/\/rehabilitacjaszczecinek.rajpol.net\/wp-content\/gallery\/wew\/thumbs\/thumbs_IMG_3136.JPG\"\n                    width=\"240\"\n                    height=\"160\"\n                    style=\"max-width:100%;\"\n                \/>\n            <\/a>\n        <\/div>\n\t\t\t\t\t\t\t<\/div> \n\t\t\t\n\t\t\t\t<div id=\"ngg-image-3\" class=\"ngg-gallery-thumbnail-box \" >\n\t\t\t\t        <div class=\"ngg-gallery-thumbnail\">\n            <a href=\"https:\/\/rehabilitacjaszczecinek.rajpol.net\/wp-content\/gallery\/wew\/IMG_3584.jpg\"\n               title=\"\"\n               data-src=\"https:\/\/rehabilitacjaszczecinek.rajpol.net\/wp-content\/gallery\/wew\/IMG_3584.jpg\"\n               data-thumbnail=\"https:\/\/rehabilitacjaszczecinek.rajpol.net\/wp-content\/gallery\/wew\/thumbs\/thumbs_IMG_3584.jpg\"\n               data-image-id=\"13\"\n               data-title=\"IMG_3584\"\n               data-description=\"\"\n               data-image-slug=\"img_3584\"\n               class=\"ngg-fancybox\" rel=\"1b3372a3cd8466fb1ebe9b472ec5d4a7\">\n                <img\n                    title=\"IMG_3584\"\n                    alt=\"IMG_3584\"\n                    src=\"https:\/\/rehabilitacjaszczecinek.rajpol.net\/wp-content\/gallery\/wew\/thumbs\/thumbs_IMG_3584.jpg\"\n                    width=\"240\"\n                    height=\"160\"\n                    style=\"max-width:100%;\"\n                \/>\n            <\/a>\n        <\/div>\n\t\t\t\t\t\t\t<\/div> \n\t\t\t\n\t\t\t\t<div id=\"ngg-image-4\" class=\"ngg-gallery-thumbnail-box \" >\n\t\t\t\t        <div class=\"ngg-gallery-thumbnail\">\n            <a href=\"https:\/\/rehabilitacjaszczecinek.rajpol.net\/wp-content\/gallery\/wew\/IMG_3154.JPG\"\n               title=\"\"\n               data-src=\"https:\/\/rehabilitacjaszczecinek.rajpol.net\/wp-content\/gallery\/wew\/IMG_3154.JPG\"\n               data-thumbnail=\"https:\/\/rehabilitacjaszczecinek.rajpol.net\/wp-content\/gallery\/wew\/thumbs\/thumbs_IMG_3154.JPG\"\n               data-image-id=\"11\"\n               data-title=\"IMG_3154\"\n               data-description=\"\"\n               data-image-slug=\"img_3154\"\n               class=\"ngg-fancybox\" rel=\"1b3372a3cd8466fb1ebe9b472ec5d4a7\">\n                <img\n                    title=\"IMG_3154\"\n                    alt=\"IMG_3154\"\n                    src=\"https:\/\/rehabilitacjaszczecinek.rajpol.net\/wp-content\/gallery\/wew\/thumbs\/thumbs_IMG_3154.JPG\"\n                    width=\"240\"\n                    height=\"160\"\n                    style=\"max-width:100%;\"\n                \/>\n            <\/a>\n        <\/div>\n\t\t\t\t\t\t\t<\/div> \n\t\t\t\n\t\t\t\t<div id=\"ngg-image-5\" class=\"ngg-gallery-thumbnail-box \" >\n\t\t\t\t        <div class=\"ngg-gallery-thumbnail\">\n            <a href=\"https:\/\/rehabilitacjaszczecinek.rajpol.net\/wp-content\/gallery\/wew\/IMG_3593.JPG\"\n               title=\"\"\n               data-src=\"https:\/\/rehabilitacjaszczecinek.rajpol.net\/wp-content\/gallery\/wew\/IMG_3593.JPG\"\n               data-thumbnail=\"https:\/\/rehabilitacjaszczecinek.rajpol.net\/wp-content\/gallery\/wew\/thumbs\/thumbs_IMG_3593.JPG\"\n               data-image-id=\"12\"\n               data-title=\"IMG_3593\"\n               data-description=\"\"\n               data-image-slug=\"img_3593\"\n               class=\"ngg-fancybox\" rel=\"1b3372a3cd8466fb1ebe9b472ec5d4a7\">\n                <img\n                    title=\"IMG_3593\"\n                    alt=\"IMG_3593\"\n                    src=\"https:\/\/rehabilitacjaszczecinek.rajpol.net\/wp-content\/gallery\/wew\/thumbs\/thumbs_IMG_3593.JPG\"\n                    width=\"240\"\n                    height=\"160\"\n                    style=\"max-width:100%;\"\n                \/>\n            <\/a>\n        <\/div>\n\t\t\t\t\t\t\t<\/div> \n\t\t\t\n\t\n\t<br style=\"clear: both\" \/>\n\n\t\n\t\t<div class=\"ngg-clear\"><\/div>\n\t<\/div>\n<\/div><\/div>\n<div class=\"su-column su-column-size-1-2\"><div class=\"su-column-inner su-u-clearfix su-u-trim\">\n<p style=\"text-align: left;\">In dem Keller befinden sich Garagen, ein Waschraum mit Trocknungsraum und ein Technikerraum mit einem Gas- und Pelletskombikessel.<\/p>\n<p style=\"text-align: left;\">Im Erdgeschoss des Geb\u00e4ude befindet sich der Haupteingang mit der Rezeption, einem Speisesaal, einer K\u00fcche mit Lagerungs- und Sozialr\u00e4umen, B\u00fcror\u00e4umen, Sozialr\u00e4umen f\u00fcr die Mitarbeiter, \u00f6ffentlichen Toiletten und Raucherraum.<\/p>\n<p style=\"text-align: left;\">Den Bewohnern stehen auch ein Arztraum, ein Raum f\u00fcr die medizinische Nothilfe, Massageraum, 3 Rehabilitationsr\u00e4ume (Hydrotherapie, Kinesiotherapie, Lasertherapie, Magnetfeldtherapie und Elektrotherapie) zur Verf\u00fcgung.<\/p>\n<p style=\"text-align: left;\">Die Anordnung der R\u00e4ume im ersten und zweiten Stock ist \u00e4hnlich. In jedem Stock gibt es 19 Einzel- sowie Zweibettzimmer.<\/p>\n<p style=\"text-align: left;\">Neben dem Dienstraum der Krankenschwester befindet sich in jedem Stockwerk ein ger\u00e4umiger Raum, wo die Heimbewohner ihre Freizeit aktiv gestalten k\u00f6nnen. In diesem Raum befindet sich ein Fernseher, ein B\u00fccherregal, Spielecke usw. Neben diesem Raum befindet sich eine K\u00fcchendiele, wo auf Wunsch der Bewohner kleine Mahlzeiten selbstst\u00e4ndig zubereitet werden k\u00f6nnen.<\/p>\n<\/div><\/div>\n<\/div>","protected":false},"excerpt":{"rendered":"","protected":false},"author":1,"featured_media":0,"parent":0,"menu_order":0,"comment_status":"closed","ping_status":"closed","template":"","meta":{"ngg_post_thumbnail":0},"_links":{"self":[{"href":"https:\/\/rehabilitacjaszczecinek.rajpol.net\/de\/wp-json\/wp\/v2\/pages\/43"}],"collection":[{"href":"https:\/\/rehabilitacjaszczecinek.rajpol.net\/de\/wp-json\/wp\/v2\/pages"}],"about":[{"href":"https:\/\/rehabilitacjaszczecinek.rajpol.net\/de\/wp-json\/wp\/v2\/types\/page"}],"author":[{"embeddable":true,"href":"https:\/\/rehabilitacjaszczecinek.rajpol.net\/de\/wp-json\/wp\/v2\/users\/1"}],"replies":[{"embeddable":true,"href":"https:\/\/rehabilitacjaszczecinek.rajpol.net\/de\/wp-json\/wp\/v2\/comments?post=43"}],"version-history":[{"count":5,"href":"https:\/\/rehabilitacjaszczecinek.rajpol.net\/de\/wp-json\/wp\/v2\/pages\/43\/revisions"}],"predecessor-version":[{"id":130,"href":"https:\/\/rehabilitacjaszczecinek.rajpol.net\/de\/wp-json\/wp\/v2\/pages\/43\/revisions\/130"}],"wp:attachment":[{"href":"https:\/\/rehabilitacjaszczecinek.rajpol.net\/de\/wp-json\/wp\/v2\/media?parent=43"}],"curies":[{"name":"wp","href":"https:\/\/api.w.org\/{rel}","templated":true}]}}