{"id":55,"date":"2020-01-29T17:22:55","date_gmt":"2020-01-29T16:22:55","guid":{"rendered":"https:\/\/rehabilitacjaszczecinek.rajpol.net\/?page_id=55"},"modified":"2020-03-17T16:14:00","modified_gmt":"2020-03-17T15:14:00","slug":"masaze","status":"publish","type":"page","link":"https:\/\/rehabilitacjaszczecinek.rajpol.net\/de\/masaze\/","title":{"rendered":"Massage"},"content":{"rendered":"Massage ist eine physiotherapeutische Behandlungsmethode, die in Verformung des massierten Gewebes durch H\u00e4nde des Masseurs besteht. Massage ist eine manuelle Therapie, die durch richtige Handbewegung in angemessenem Tempo erfolgt. Diese Heilungsform wird gem\u00e4\u00df der Gewebe-, Blutgef\u00e4\u00dfe-, Lymphgef\u00e4\u00dfe- sowie Muskellokalisation ausgef\u00fchrt.<\/p>\n<p>In unserer Einrichtung werden folgende Massagetechniken verwendet:<\/p>\n<ul>\n<li>Heilmassage<\/li>\n<li>Entspannungsmassage<\/li>\n<li>Lymphatische Massage<\/li>\n<li>Isometrische Massage<\/li>\n<li>Segmentmassage<\/li>\n<li>Klassische Massage<\/li>\n<li>Vibrationsmassage<\/li>\n<li>Sportmassage<\/li>\n<li>Quermassage<\/li>\n<li>Funktionsmassage<\/li>\n<\/ul>\n<p>Ziel der Massage ist bessere Durchblutung, Muskelentspannung, Verminderung von Schmerzen\/Schwellungen und Bewegungsraumerweiterung. Richtig ausgef\u00fchrte Massage hat Einfluss auf Stimmungsverbesserung sowie Wohlbefinden.<\/p>\n<div class=\"wpps_container\" style=\"margin: 10px auto; width: 100%; max-width: 100%;\"><a href=\"https:\/\/rehabilitacjaszczecinek.rajpol.net\/wp-content\/uploads\/2020\/01\/360_0381_Stitch_YHC.jpg?height=500px&amp;segments=100&amp;rings=100&amp;hide_link=1&amp;autoload=1&amp;anim_after=2000&amp;anim_speed=2rpm&amp;vertical_anim_speed=2rpm&amp;vertical_anim_target=0&amp;navbar=1&amp;overlay_img=&amp;overlay_position=bottom+left&amp;min_fov=30&amp;max_fov=90&amp;zoom_level=0&amp;long=0&amp;lat=0&amp;tilt_up_max=90&amp;tilt_down_max=90&amp;min_long=0&amp;max_long=360&amp;reverse_anim=1&amp;xmp=1&amp;smooth_user_moves=1&amp;scroll_to_zoom=1&amp;zoom_speed=1&amp;eyes_offset=5&amp;full_width=default&amp;full_height=default&amp;cropped_width=default&amp;cropped_height=default&amp;cropped_x=default&amp;cropped_y=default&amp;horizontal_fov=360&amp;vertical_fov=180\" style=\"display: block; padding: 5px; background-color: #3D3D3D; color: #FFFFFF;\"><\/a><div style=\"position: relative; box-sizing: content-box;\"><\/div><\/div>","protected":false},"excerpt":{"rendered":"<p>Massage ist eine physiotherapeutische Behandlungsmethode, die in Verformung des massierten Gewebes durch H\u00e4nde des Masseurs besteht. Massage ist eine manuelle Therapie, die durch richtige Handbewegung in angemessenem Tempo erfolgt. Diese Heilungsform wird gem\u00e4\u00df der Gewebe-, Blutgef\u00e4\u00dfe-, Lymphgef\u00e4\u00dfe- sowie Muskellokalisation ausgef\u00fchrt. In unserer Einrichtung werden folgende Massagetechniken verwendet: Heilmassage Entspannungsmassage Lymphatische Massage Isometrische Massage Segmentmassage Klassische [&hellip;]<\/p>\n","protected":false},"author":1,"featured_media":0,"parent":0,"menu_order":0,"comment_status":"closed","ping_status":"closed","template":"","meta":{"ngg_post_thumbnail":0},"_links":{"self":[{"href":"https:\/\/rehabilitacjaszczecinek.rajpol.net\/de\/wp-json\/wp\/v2\/pages\/55"}],"collection":[{"href":"https:\/\/rehabilitacjaszczecinek.rajpol.net\/de\/wp-json\/wp\/v2\/pages"}],"about":[{"href":"https:\/\/rehabilitacjaszczecinek.rajpol.net\/de\/wp-json\/wp\/v2\/types\/page"}],"author":[{"embeddable":true,"href":"https:\/\/rehabilitacjaszczecinek.rajpol.net\/de\/wp-json\/wp\/v2\/users\/1"}],"replies":[{"embeddable":true,"href":"https:\/\/rehabilitacjaszczecinek.rajpol.net\/de\/wp-json\/wp\/v2\/comments?post=55"}],"version-history":[{"count":3,"href":"https:\/\/rehabilitacjaszczecinek.rajpol.net\/de\/wp-json\/wp\/v2\/pages\/55\/revisions"}],"predecessor-version":[{"id":139,"href":"https:\/\/rehabilitacjaszczecinek.rajpol.net\/de\/wp-json\/wp\/v2\/pages\/55\/revisions\/139"}],"wp:attachment":[{"href":"https:\/\/rehabilitacjaszczecinek.rajpol.net\/de\/wp-json\/wp\/v2\/media?parent=55"}],"curies":[{"name":"wp","href":"https:\/\/api.w.org\/{rel}","templated":true}]}}